{"id":6,"date":"2015-03-07T18:24:31","date_gmt":"2015-03-07T18:24:31","guid":{"rendered":"http:\/\/www.sptelecon.com.br\/?page_id=6"},"modified":"2018-03-14T18:30:04","modified_gmt":"2018-03-14T18:30:04","slug":"servicos","status":"publish","type":"page","link":"http:\/\/www.sptelecon.com.br\/sp\/servicos\/","title":{"rendered":"Servi\u00e7os"},"content":{"rendered":"<p>Nossos servi\u00e7os baseia na redu\u00e7\u00e3o mensal de sua conta de telefone fixo ou m\u00f3vel, <strong><span style=\"color: #333300;\">em at\u00e9 70%!<\/span><\/strong><\/p>\n<p>Nosso maior objetivo \u00e9 reduzir ou diminuir seus gastos com telefone e aumentar seus lucros. Pesquisas apontam que as despesas com telecomunica\u00e7\u00f5es est\u00e3o entre os maiores custos das empresas, representando de 25% a 35% dos gastos.<\/p>\n<p>Com base nestas informa\u00e7\u00f5es, a SP TELECON oferece a voc\u00ea a proposta de diminui\u00e7\u00e3o de gastos com telefonia, sem restri\u00e7\u00e3o ou diminui\u00e7\u00e3o nos minutos consumidos e, sem prejudicar sua operacionalidade.<\/p>\n<p>As suas despesas com a <strong>VIVO, TIM, OI \u2013 BRASIL TELECOM, CLARO, EMBRATEL, NEXTEL<\/strong>, bem como as demais operadoras podem ser efetivamente reduzidas, mesmo que voc\u00ea esteja em qualquer parte do Brasil, pois REDUZIR CUSTOS \u00c9 NOSSO NEG\u00d3CIO.<\/p>\n<p>A redu\u00e7\u00e3o de custos nas contas telef\u00f4nicas, ou seja, a READEQUA\u00c7\u00c3O DE PLANOS se d\u00e1 atrav\u00e9s de negocia\u00e7\u00e3o com as operadoras, onde, minimizamos os gastos com speed, plano de minutos locais, DDD, tarifas de 40 a 70% menores, bem como outras taxas que na maioria das vezes s\u00e3o impostas aos clientes, indevidamente.<\/p>\n<p>Uma das grandes vantagens de nossos servi\u00e7os, \u00e9 que os honor\u00e1rios ser\u00e3o pagos com a pr\u00f3pria economia alcan\u00e7ada, ou seja, da pr\u00f3pria redu\u00e7\u00e3o que alcan\u00e7armos.<\/p>\n<p>Na telefonia fixa, o valor da diferen\u00e7a que ocorrer, \u00e9 o que nos ser\u00e1 repassado, apenas nos tr\u00eas\u00a0(03) primeiros meses, sendo que, os outros nove (09) meses ser\u00e1 o lucro para sua empresa. Al\u00e9m do mais, o cliente pagar\u00e1 a diferen\u00e7a para <strong>SP TELECON<\/strong>, somente ap\u00f3s a efetiva\u00e7\u00e3o e comprova\u00e7\u00e3o da redu\u00e7\u00e3o, a qual ocorrer\u00e1 no per\u00edodo de aproximadamente 40 dias.<\/p>\n<p>Na telefonia m\u00f3vel, o valor da diferen\u00e7a que ocorrer, \u00e9 o que nos ser\u00e1 repassado, apenas os tr\u00eas (3) primeiros meses, a contar da primeiro m\u00eas que ocorrer a efetiva redu\u00e7\u00e3o, sendo que, os outros nove (9) meses ser\u00e1 o lucro para sua empresa.<\/p>\n<p>Gostar\u00edamos de informar que se porventura verificarmos que a vossa empresa est\u00e1 pagando por algum servi\u00e7o ou produto indevido e conseguirmos algum ESTORNO deste valor de estorno, fica sendo 50% para vossa empresa e 50% para SP TELECON.<\/p>\n<p>Para \u00f3rg\u00e3os governamentais, o valor da diferen\u00e7a que ocorrer dentro dos doze (12) meses, nos ser\u00e1 repassado 20% (vinte por cento), a contar do primeiro m\u00eas da redu\u00e7\u00e3o.<\/p>\n<p>Esses descontos s\u00e3o v\u00e1lidos por um per\u00edodo de 12 meses (em conformidade com a ANATEL).<\/p>\n<p>Ao t\u00e9rmino dos 12 meses, ser\u00e1 necess\u00e1ria a renova\u00e7\u00e3o desses descontos, caso contr\u00e1rio os mesmos voltar\u00e3o aos valores normais.<\/p>\n","protected":false},"excerpt":{"rendered":"<p>Nossos servi\u00e7os baseia na redu\u00e7\u00e3o mensal de sua conta de telefone fixo ou m\u00f3vel, em at\u00e9 70%! Nosso maior objetivo \u00e9 reduzir ou diminuir seus gastos com telefone e aumentar seus lucros. Pesquisas apontam que as despesas com telecomunica\u00e7\u00f5es est\u00e3o entre os maiores custos das empresas, representando de 25% a 35% dos gastos. Com base [&hellip;]<\/p>\n","protected":false},"author":1,"featured_media":0,"parent":0,"menu_order":3,"comment_status":"closed","ping_status":"open","template":"","meta":[],"_links":{"self":[{"href":"http:\/\/www.sptelecon.com.br\/sp\/wp-json\/wp\/v2\/pages\/6"}],"collection":[{"href":"http:\/\/www.sptelecon.com.br\/sp\/wp-json\/wp\/v2\/pages"}],"about":[{"href":"http:\/\/www.sptelecon.com.br\/sp\/wp-json\/wp\/v2\/types\/page"}],"author":[{"embeddable":true,"href":"http:\/\/www.sptelecon.com.br\/sp\/wp-json\/wp\/v2\/users\/1"}],"replies":[{"embeddable":true,"href":"http:\/\/www.sptelecon.com.br\/sp\/wp-json\/wp\/v2\/comments?post=6"}],"version-history":[{"count":7,"href":"http:\/\/www.sptelecon.com.br\/sp\/wp-json\/wp\/v2\/pages\/6\/revisions"}],"predecessor-version":[{"id":419,"href":"http:\/\/www.sptelecon.com.br\/sp\/wp-json\/wp\/v2\/pages\/6\/revisions\/419"}],"wp:attachment":[{"href":"http:\/\/www.sptelecon.com.br\/sp\/wp-json\/wp\/v2\/media?parent=6"}],"curies":[{"name":"wp","href":"https:\/\/api.w.org\/{rel}","templated":true}]}}