{"id":4,"date":"2015-03-07T18:23:58","date_gmt":"2015-03-07T18:23:58","guid":{"rendered":"http:\/\/www.sptelecon.com.br\/?page_id=4"},"modified":"2015-09-29T12:32:57","modified_gmt":"2015-09-29T12:32:57","slug":"empresa","status":"publish","type":"page","link":"http:\/\/www.sptelecon.com.br\/sp\/empresa\/","title":{"rendered":"Empresa"},"content":{"rendered":"<p><a href=\"http:\/\/www.sptelecon.com.br\/sp\/wp-content\/uploads\/2015\/03\/DSC_0630.jpg\"><img loading=\"lazy\" class=\"  wp-image-279 alignleft\" src=\"http:\/\/www.sptelecon.com.br\/sp\/wp-content\/uploads\/2015\/03\/DSC_0630-300x169.jpg\" alt=\"DSC_0630\" width=\"498\" height=\"280\" srcset=\"http:\/\/www.sptelecon.com.br\/sp\/wp-content\/uploads\/2015\/03\/DSC_0630-300x169.jpg 300w, http:\/\/www.sptelecon.com.br\/sp\/wp-content\/uploads\/2015\/03\/DSC_0630-1024x576.jpg 1024w\" sizes=\"(max-width: 498px) 100vw, 498px\" \/><\/a>\u00a0 \u00a0Caro Cliente, a SP TELECON agradece pela visita em nosso site!<\/p>\n<p>A SP TELECON \u00e9 uma empresa focada em Consultoria em Telecomunica\u00e7\u00f5es no Brasil e, desde a sua funda\u00e7\u00e3o vem atendendo \u00a0 \u00a0com muita satisfa\u00e7\u00e3o seus clientes em todo territ\u00f3rio nacional. A empresa tem como objetivo auxiliar os clientes a reduzirem \u00a0 \u00a0 \u00a0 \u00a0seus gastos com telefonia.<\/p>\n<p><a href=\"http:\/\/www.sptelecon.com.br\/sp\/wp-content\/uploads\/2015\/03\/logo_atomo2.png\"><img loading=\"lazy\" class=\" size-full wp-image-171 alignright\" src=\"http:\/\/www.sptelecon.com.br\/sp\/wp-content\/uploads\/2015\/03\/logo_atomo2.png\" alt=\"Logomarca Sptelecon\" width=\"160\" height=\"160\" srcset=\"http:\/\/www.sptelecon.com.br\/sp\/wp-content\/uploads\/2015\/03\/logo_atomo2.png 160w, http:\/\/www.sptelecon.com.br\/sp\/wp-content\/uploads\/2015\/03\/logo_atomo2-150x150.png 150w\" sizes=\"(max-width: 160px) 100vw, 160px\" \/><\/a><\/p>\n<p style=\"text-align: justify;\">Conta com uma equipe experiente e treinada para analisar a conta telef\u00f4nica, atuando no mercado h\u00e1 mais \u00a0de quatro anos.<\/p>\n<p style=\"text-align: justify;\">Assim, convida voc\u00ea a conhecer melhor o conte\u00fado do nosso site.<\/p>\n<p style=\"text-align: justify;\">Entre em contato conosco, ser\u00e1 uma honra atend\u00ea-lo.<\/p>\n","protected":false},"excerpt":{"rendered":"<p>\u00a0 \u00a0Caro Cliente, a SP TELECON agradece pela visita em nosso site! A SP TELECON \u00e9 uma empresa focada em Consultoria em Telecomunica\u00e7\u00f5es no Brasil e, desde a sua funda\u00e7\u00e3o vem atendendo \u00a0 \u00a0com muita satisfa\u00e7\u00e3o seus clientes em todo territ\u00f3rio nacional. A empresa tem como objetivo auxiliar os clientes a reduzirem \u00a0 \u00a0 \u00a0 [&hellip;]<\/p>\n","protected":false},"author":1,"featured_media":0,"parent":0,"menu_order":2,"comment_status":"closed","ping_status":"open","template":"","meta":[],"_links":{"self":[{"href":"http:\/\/www.sptelecon.com.br\/sp\/wp-json\/wp\/v2\/pages\/4"}],"collection":[{"href":"http:\/\/www.sptelecon.com.br\/sp\/wp-json\/wp\/v2\/pages"}],"about":[{"href":"http:\/\/www.sptelecon.com.br\/sp\/wp-json\/wp\/v2\/types\/page"}],"author":[{"embeddable":true,"href":"http:\/\/www.sptelecon.com.br\/sp\/wp-json\/wp\/v2\/users\/1"}],"replies":[{"embeddable":true,"href":"http:\/\/www.sptelecon.com.br\/sp\/wp-json\/wp\/v2\/comments?post=4"}],"version-history":[{"count":8,"href":"http:\/\/www.sptelecon.com.br\/sp\/wp-json\/wp\/v2\/pages\/4\/revisions"}],"predecessor-version":[{"id":282,"href":"http:\/\/www.sptelecon.com.br\/sp\/wp-json\/wp\/v2\/pages\/4\/revisions\/282"}],"wp:attachment":[{"href":"http:\/\/www.sptelecon.com.br\/sp\/wp-json\/wp\/v2\/media?parent=4"}],"curies":[{"name":"wp","href":"https:\/\/api.w.org\/{rel}","templated":true}]}}